{"id":25065,"date":"2021-03-10T18:33:08","date_gmt":"2021-03-10T18:33:08","guid":{"rendered":"https:\/\/seleg.com.br\/home\/?page_id=25065"},"modified":"2021-03-10T19:31:14","modified_gmt":"2021-03-10T19:31:14","slug":"portaria-e-facilities","status":"publish","type":"page","link":"https:\/\/seleg.com.br\/home\/?page_id=25065","title":{"rendered":"Portaria e Facilities"},"content":{"rendered":"\t\t<div data-elementor-type=\"wp-page\" data-elementor-id=\"25065\" class=\"elementor elementor-25065\" data-elementor-settings=\"[]\">\n\t\t\t\t\t\t\t<div class=\"elementor-section-wrap\">\n\t\t\t\t\t\t\t<section class=\"elementor-section elementor-top-section elementor-element elementor-element-0882255 elementor-section-full_width elementor-section-height-default elementor-section-height-default\" data-id=\"0882255\" data-element_type=\"section\" data-settings=\"{&quot;background_background&quot;:&quot;classic&quot;}\">\n\t\t\t\t\t\t\t<div class=\"elementor-background-overlay\"><\/div>\n\t\t\t\t\t\t\t<div class=\"elementor-container elementor-column-gap-default\">\n\t\t\t\t\t<div class=\"elementor-column elementor-col-100 elementor-top-column elementor-element elementor-element-d0107eb\" data-id=\"d0107eb\" data-element_type=\"column\">\n\t\t\t<div class=\"elementor-widget-wrap elementor-element-populated\">\n\t\t\t\t\t\t\t\t<div class=\"elementor-element elementor-element-f61cf05 elementor-widget elementor-widget-heading\" data-id=\"f61cf05\" data-element_type=\"widget\" data-widget_type=\"heading.default\">\n\t\t\t\t<div class=\"elementor-widget-container\">\n\t\t\t<h2 class=\"elementor-heading-title elementor-size-default\">Portaria e Facilities<\/h2>\t\t<\/div>\n\t\t\t\t<\/div>\n\t\t\t\t\t<\/div>\n\t\t<\/div>\n\t\t\t\t\t\t\t<\/div>\n\t\t<\/section>\n\t\t\t\t<section class=\"elementor-section elementor-top-section elementor-element elementor-element-031bb7a elementor-section-boxed elementor-section-height-default elementor-section-height-default\" data-id=\"031bb7a\" data-element_type=\"section\">\n\t\t\t\t\t\t<div class=\"elementor-container elementor-column-gap-default\">\n\t\t\t\t\t<div class=\"elementor-column elementor-col-100 elementor-top-column elementor-element elementor-element-2303380\" data-id=\"2303380\" data-element_type=\"column\">\n\t\t\t<div class=\"elementor-widget-wrap elementor-element-populated\">\n\t\t\t\t\t\t\t\t<section class=\"elementor-section elementor-inner-section elementor-element elementor-element-caefe1d elementor-section-boxed elementor-section-height-default elementor-section-height-default\" data-id=\"caefe1d\" data-element_type=\"section\">\n\t\t\t\t\t\t<div class=\"elementor-container elementor-column-gap-default\">\n\t\t\t\t\t<div class=\"elementor-column elementor-col-50 elementor-inner-column elementor-element elementor-element-724bb53\" data-id=\"724bb53\" data-element_type=\"column\">\n\t\t\t<div class=\"elementor-widget-wrap elementor-element-populated\">\n\t\t\t\t\t\t\t\t<div class=\"elementor-element elementor-element-150db35 elementor-widget elementor-widget-image\" data-id=\"150db35\" data-element_type=\"widget\" data-widget_type=\"image.default\">\n\t\t\t\t<div class=\"elementor-widget-container\">\n\t\t\t\t\t<div class=\"elementor-image\">\n\t\t\t\t\t\t\t\t\t\t<img width=\"294\" height=\"171\" src=\"https:\/\/seleg.com.br\/home\/wp-content\/uploads\/2021\/03\/Portaria-e-facilities.jpg\" class=\"attachment-large size-large\" alt=\"\" decoding=\"async\" loading=\"lazy\" \/>\t\t\t\t\t\t\t\t\t\t\t<\/div>\n\t\t\t\t<\/div>\n\t\t\t\t<\/div>\n\t\t\t\t\t<\/div>\n\t\t<\/div>\n\t\t\t\t<div class=\"elementor-column elementor-col-50 elementor-inner-column elementor-element elementor-element-175dd2e\" data-id=\"175dd2e\" data-element_type=\"column\">\n\t\t\t<div class=\"elementor-widget-wrap elementor-element-populated\">\n\t\t\t\t\t\t\t\t<div class=\"elementor-element elementor-element-d9e923b elementor-widget elementor-widget-text-editor\" data-id=\"d9e923b\" data-element_type=\"widget\" data-widget_type=\"text-editor.default\">\n\t\t\t\t<div class=\"elementor-widget-container\">\n\t\t\t\t\t<div class=\"elementor-text-editor elementor-clearfix\">A terceiriza\u00e7\u00e3o de servi\u00e7os de portaria e facilities tem como finalidade auxiliar a gest\u00e3o empresarial, garantindo a perfeita realiza\u00e7\u00e3o de servi\u00e7os mais t\u00e9cnicos e b\u00e1sicos, permitindo que os seus l\u00edderes se ocupem unicamente com a sua \u00e1rea de atua\u00e7\u00e3o no mercado, confiando esses servi\u00e7os aos profissionais designados pela Seleg.\nPor meio da terceiriza\u00e7\u00e3o de facilities \u00e9 poss\u00edvel que uma empresa tenha acesso a profissionais especializados em diferentes \u00e1reas, capazes de executarem servi\u00e7os com efici\u00eancia e praticidade, auxiliando na aplica\u00e7\u00e3o de diversos processos da empresa.\nUm atendimento diferenciado e nova postura nesse servi\u00e7o proporcionam uma melhor sensa\u00e7\u00e3o de conforto e seguran\u00e7a aos clientes atrav\u00e9s da sele\u00e7\u00e3o de perfil adequado, com profissionais treinados, com boa apresenta\u00e7\u00e3o pessoal, cordialidade, simpatia e alta responsabilidade. \nDessa forma, a Seleg fornece aos seus clientes um modo eficiente e econ\u00f4mico de garantir a organiza\u00e7\u00e3o de seus empreendimentos com servi\u00e7os de Portaria, Limpeza, Servi\u00e7os Gerais e Paisagismo.\n<\/div>\n\t\t\t\t<\/div>\n\t\t\t\t<\/div>\n\t\t\t\t<div class=\"elementor-element elementor-element-833b189 elementor-widget elementor-widget-button\" data-id=\"833b189\" data-element_type=\"widget\" data-widget_type=\"button.default\">\n\t\t\t\t<div class=\"elementor-widget-container\">\n\t\t\t\t\t<div class=\"elementor-button-wrapper\">\n\t\t\t<a href=\"https:\/\/wa.me\/5527999967002\" class=\"elementor-button-link elementor-button elementor-size-sm\" role=\"button\">\n\t\t\t\t\t\t<span class=\"elementor-button-content-wrapper\">\n\t\t\t\t\t\t<span class=\"elementor-button-text\">Or\u00e7amento<\/span>\n\t\t<\/span>\n\t\t\t\t\t<\/a>\n\t\t<\/div>\n\t\t\t\t<\/div>\n\t\t\t\t<\/div>\n\t\t\t\t\t<\/div>\n\t\t<\/div>\n\t\t\t\t\t\t\t<\/div>\n\t\t<\/section>\n\t\t\t\t\t<\/div>\n\t\t<\/div>\n\t\t\t\t\t\t\t<\/div>\n\t\t<\/section>\n\t\t\t\t\t\t<\/div>\n\t\t\t\t\t<\/div>\n\t\t","protected":false},"excerpt":{"rendered":"<p>Portaria e Facilities A terceiriza\u00e7\u00e3o de servi\u00e7os de portaria e facilities tem como finalidade auxiliar a gest\u00e3o empresarial, garantindo a perfeita realiza\u00e7\u00e3o de servi\u00e7os mais t\u00e9cnicos e b\u00e1sicos, permitindo que os seus l\u00edderes se ocupem unicamente com a sua \u00e1rea de atua\u00e7\u00e3o no mercado, confiando esses servi\u00e7os aos profissionais designados pela Seleg. Por meio da &hellip;<\/p>\n<p class=\"read-more\"> <a class=\"\" href=\"https:\/\/seleg.com.br\/home\/?page_id=25065\"> <span class=\"screen-reader-text\">Portaria e Facilities<\/span> Leia mais &raquo;<\/a><\/p>\n","protected":false},"author":2,"featured_media":0,"parent":0,"menu_order":0,"comment_status":"closed","ping_status":"closed","template":"","meta":[],"_links":{"self":[{"href":"https:\/\/seleg.com.br\/home\/index.php?rest_route=\/wp\/v2\/pages\/25065"}],"collection":[{"href":"https:\/\/seleg.com.br\/home\/index.php?rest_route=\/wp\/v2\/pages"}],"about":[{"href":"https:\/\/seleg.com.br\/home\/index.php?rest_route=\/wp\/v2\/types\/page"}],"author":[{"embeddable":true,"href":"https:\/\/seleg.com.br\/home\/index.php?rest_route=\/wp\/v2\/users\/2"}],"replies":[{"embeddable":true,"href":"https:\/\/seleg.com.br\/home\/index.php?rest_route=%2Fwp%2Fv2%2Fcomments&post=25065"}],"version-history":[{"count":4,"href":"https:\/\/seleg.com.br\/home\/index.php?rest_route=\/wp\/v2\/pages\/25065\/revisions"}],"predecessor-version":[{"id":25106,"href":"https:\/\/seleg.com.br\/home\/index.php?rest_route=\/wp\/v2\/pages\/25065\/revisions\/25106"}],"wp:attachment":[{"href":"https:\/\/seleg.com.br\/home\/index.php?rest_route=%2Fwp%2Fv2%2Fmedia&parent=25065"}],"curies":[{"name":"wp","href":"https:\/\/api.w.org\/{rel}","templated":true}]}}