{"id":25063,"date":"2021-03-10T18:32:36","date_gmt":"2021-03-10T18:32:36","guid":{"rendered":"https:\/\/seleg.com.br\/home\/?page_id=25063"},"modified":"2021-03-10T19:31:40","modified_gmt":"2021-03-10T19:31:40","slug":"seguranca-privada","status":"publish","type":"page","link":"https:\/\/seleg.com.br\/home\/?page_id=25063","title":{"rendered":"Seguran\u00e7a Privada"},"content":{"rendered":"\t\t<div data-elementor-type=\"wp-page\" data-elementor-id=\"25063\" class=\"elementor elementor-25063\" data-elementor-settings=\"[]\">\n\t\t\t\t\t\t\t<div class=\"elementor-section-wrap\">\n\t\t\t\t\t\t\t<section class=\"elementor-section elementor-top-section elementor-element elementor-element-ca3c218 elementor-section-full_width elementor-section-height-default elementor-section-height-default\" data-id=\"ca3c218\" data-element_type=\"section\" data-settings=\"{&quot;background_background&quot;:&quot;classic&quot;}\">\n\t\t\t\t\t\t\t<div class=\"elementor-background-overlay\"><\/div>\n\t\t\t\t\t\t\t<div class=\"elementor-container elementor-column-gap-default\">\n\t\t\t\t\t<div class=\"elementor-column elementor-col-100 elementor-top-column elementor-element elementor-element-119977e\" data-id=\"119977e\" data-element_type=\"column\">\n\t\t\t<div class=\"elementor-widget-wrap elementor-element-populated\">\n\t\t\t\t\t\t\t\t<div class=\"elementor-element elementor-element-60915d7 elementor-widget elementor-widget-heading\" data-id=\"60915d7\" data-element_type=\"widget\" data-widget_type=\"heading.default\">\n\t\t\t\t<div class=\"elementor-widget-container\">\n\t\t\t<h2 class=\"elementor-heading-title elementor-size-default\">Seguran\u00e7a Privada<\/h2>\t\t<\/div>\n\t\t\t\t<\/div>\n\t\t\t\t\t<\/div>\n\t\t<\/div>\n\t\t\t\t\t\t\t<\/div>\n\t\t<\/section>\n\t\t\t\t<section class=\"elementor-section elementor-top-section elementor-element elementor-element-5a02f05 elementor-section-boxed elementor-section-height-default elementor-section-height-default\" data-id=\"5a02f05\" data-element_type=\"section\">\n\t\t\t\t\t\t<div class=\"elementor-container elementor-column-gap-default\">\n\t\t\t\t\t<div class=\"elementor-column elementor-col-100 elementor-top-column elementor-element elementor-element-83f66f9\" data-id=\"83f66f9\" data-element_type=\"column\">\n\t\t\t<div class=\"elementor-widget-wrap elementor-element-populated\">\n\t\t\t\t\t\t\t\t<section class=\"elementor-section elementor-inner-section elementor-element elementor-element-f860d64 elementor-section-boxed elementor-section-height-default elementor-section-height-default\" data-id=\"f860d64\" data-element_type=\"section\">\n\t\t\t\t\t\t<div class=\"elementor-container elementor-column-gap-default\">\n\t\t\t\t\t<div class=\"elementor-column elementor-col-50 elementor-inner-column elementor-element elementor-element-18219ec\" data-id=\"18219ec\" data-element_type=\"column\">\n\t\t\t<div class=\"elementor-widget-wrap elementor-element-populated\">\n\t\t\t\t\t\t\t\t<div class=\"elementor-element elementor-element-d9761c7 elementor-widget elementor-widget-image\" data-id=\"d9761c7\" data-element_type=\"widget\" data-widget_type=\"image.default\">\n\t\t\t\t<div class=\"elementor-widget-container\">\n\t\t\t\t\t<div class=\"elementor-image\">\n\t\t\t\t\t\t\t\t\t\t<img width=\"275\" height=\"183\" src=\"https:\/\/seleg.com.br\/home\/wp-content\/uploads\/2021\/03\/Privada.jpg\" class=\"attachment-large size-large\" alt=\"\" decoding=\"async\" loading=\"lazy\" \/>\t\t\t\t\t\t\t\t\t\t\t<\/div>\n\t\t\t\t<\/div>\n\t\t\t\t<\/div>\n\t\t\t\t\t<\/div>\n\t\t<\/div>\n\t\t\t\t<div class=\"elementor-column elementor-col-50 elementor-inner-column elementor-element elementor-element-1e3455b\" data-id=\"1e3455b\" data-element_type=\"column\">\n\t\t\t<div class=\"elementor-widget-wrap elementor-element-populated\">\n\t\t\t\t\t\t\t\t<div class=\"elementor-element elementor-element-4cfde91 elementor-widget elementor-widget-text-editor\" data-id=\"4cfde91\" data-element_type=\"widget\" data-widget_type=\"text-editor.default\">\n\t\t\t\t<div class=\"elementor-widget-container\">\n\t\t\t\t\t<div class=\"elementor-text-editor elementor-clearfix\">Ter um olhar preparado de um profissional de seguran\u00e7a \u00e9 indispens\u00e1vel para viver com mais tranquilidade.\nDessa forma, a Seleg conta com uma completa linha de produtos e equipamentos das melhores marcas e tecnologias avan\u00e7adas em seguran\u00e7a como: prote\u00e7\u00e3o de alarmes 24h, sensores, eletrificadores, c\u00e2meras de seguran\u00e7a CFTV, port\u00e3o eletr\u00f4nico, interfone, cerca el\u00e9trica, tag para controle de acesso e muito mais.   \nOs sistemas de seguran\u00e7a eletr\u00f4nica que oferecemos permitem vigil\u00e2ncia para proteger e monitorar resid\u00eancias, empresas, pr\u00e9dios e condom\u00ednios. Oferecemos servi\u00e7os de seguran\u00e7a totalmente customizados, desenvolvidos sob medida para ind\u00fastrias de diferentes segmentos, condom\u00ednios ou outras institui\u00e7\u00f5es que necessitem terceirizar servi\u00e7os de seguran\u00e7a com qualidade e efici\u00eancia.\nAl\u00e9m de controles dos mais diversos e uma gest\u00e3o eficiente, todas essas caracter\u00edsticas garantem solu\u00e7\u00f5es completas em seguran\u00e7a e outros servi\u00e7os que fortalecem a parceria de nossos clientes e fornecedores. O resultado \u00e9 a melhoria constante das opera\u00e7\u00f5es que agregam valor ao seu neg\u00f3cio.\n<\/div>\n\t\t\t\t<\/div>\n\t\t\t\t<\/div>\n\t\t\t\t<div class=\"elementor-element elementor-element-90a5eb8 elementor-widget elementor-widget-button\" data-id=\"90a5eb8\" data-element_type=\"widget\" data-widget_type=\"button.default\">\n\t\t\t\t<div class=\"elementor-widget-container\">\n\t\t\t\t\t<div class=\"elementor-button-wrapper\">\n\t\t\t<a href=\"https:\/\/wa.me\/5527999967002\" class=\"elementor-button-link elementor-button elementor-size-sm\" role=\"button\">\n\t\t\t\t\t\t<span class=\"elementor-button-content-wrapper\">\n\t\t\t\t\t\t<span class=\"elementor-button-text\">Or\u00e7amento<\/span>\n\t\t<\/span>\n\t\t\t\t\t<\/a>\n\t\t<\/div>\n\t\t\t\t<\/div>\n\t\t\t\t<\/div>\n\t\t\t\t\t<\/div>\n\t\t<\/div>\n\t\t\t\t\t\t\t<\/div>\n\t\t<\/section>\n\t\t\t\t\t<\/div>\n\t\t<\/div>\n\t\t\t\t\t\t\t<\/div>\n\t\t<\/section>\n\t\t\t\t\t\t<\/div>\n\t\t\t\t\t<\/div>\n\t\t","protected":false},"excerpt":{"rendered":"<p>Seguran\u00e7a Privada Ter um olhar preparado de um profissional de seguran\u00e7a \u00e9 indispens\u00e1vel para viver com mais tranquilidade. Dessa forma, a Seleg conta com uma completa linha de produtos e equipamentos das melhores marcas e tecnologias avan\u00e7adas em seguran\u00e7a como: prote\u00e7\u00e3o de alarmes 24h, sensores, eletrificadores, c\u00e2meras de seguran\u00e7a CFTV, port\u00e3o eletr\u00f4nico, interfone, cerca el\u00e9trica, &hellip;<\/p>\n<p class=\"read-more\"> <a class=\"\" href=\"https:\/\/seleg.com.br\/home\/?page_id=25063\"> <span class=\"screen-reader-text\">Seguran\u00e7a Privada<\/span> Leia mais &raquo;<\/a><\/p>\n","protected":false},"author":2,"featured_media":0,"parent":0,"menu_order":0,"comment_status":"closed","ping_status":"closed","template":"","meta":[],"_links":{"self":[{"href":"https:\/\/seleg.com.br\/home\/index.php?rest_route=\/wp\/v2\/pages\/25063"}],"collection":[{"href":"https:\/\/seleg.com.br\/home\/index.php?rest_route=\/wp\/v2\/pages"}],"about":[{"href":"https:\/\/seleg.com.br\/home\/index.php?rest_route=\/wp\/v2\/types\/page"}],"author":[{"embeddable":true,"href":"https:\/\/seleg.com.br\/home\/index.php?rest_route=\/wp\/v2\/users\/2"}],"replies":[{"embeddable":true,"href":"https:\/\/seleg.com.br\/home\/index.php?rest_route=%2Fwp%2Fv2%2Fcomments&post=25063"}],"version-history":[{"count":7,"href":"https:\/\/seleg.com.br\/home\/index.php?rest_route=\/wp\/v2\/pages\/25063\/revisions"}],"predecessor-version":[{"id":25109,"href":"https:\/\/seleg.com.br\/home\/index.php?rest_route=\/wp\/v2\/pages\/25063\/revisions\/25109"}],"wp:attachment":[{"href":"https:\/\/seleg.com.br\/home\/index.php?rest_route=%2Fwp%2Fv2%2Fmedia&parent=25063"}],"curies":[{"name":"wp","href":"https:\/\/api.w.org\/{rel}","templated":true}]}}