{"id":25061,"date":"2021-03-10T18:32:21","date_gmt":"2021-03-10T18:32:21","guid":{"rendered":"https:\/\/seleg.com.br\/home\/?page_id=25061"},"modified":"2021-03-10T19:20:45","modified_gmt":"2021-03-10T19:20:45","slug":"climatizacao","status":"publish","type":"page","link":"https:\/\/seleg.com.br\/home\/?page_id=25061","title":{"rendered":"Climatiza\u00e7\u00e3o"},"content":{"rendered":"\t\t<div data-elementor-type=\"wp-page\" data-elementor-id=\"25061\" class=\"elementor elementor-25061\" data-elementor-settings=\"[]\">\n\t\t\t\t\t\t\t<div class=\"elementor-section-wrap\">\n\t\t\t\t\t\t\t<section class=\"elementor-section elementor-top-section elementor-element elementor-element-a41d07f elementor-section-full_width elementor-section-height-default elementor-section-height-default\" data-id=\"a41d07f\" data-element_type=\"section\" data-settings=\"{&quot;background_background&quot;:&quot;classic&quot;}\">\n\t\t\t\t\t\t\t<div class=\"elementor-background-overlay\"><\/div>\n\t\t\t\t\t\t\t<div class=\"elementor-container elementor-column-gap-default\">\n\t\t\t\t\t<div class=\"elementor-column elementor-col-100 elementor-top-column elementor-element elementor-element-80f68ff\" data-id=\"80f68ff\" data-element_type=\"column\">\n\t\t\t<div class=\"elementor-widget-wrap elementor-element-populated\">\n\t\t\t\t\t\t\t\t<div class=\"elementor-element elementor-element-f034a7a elementor-widget elementor-widget-heading\" data-id=\"f034a7a\" data-element_type=\"widget\" data-widget_type=\"heading.default\">\n\t\t\t\t<div class=\"elementor-widget-container\">\n\t\t\t<h2 class=\"elementor-heading-title elementor-size-default\">Climatiza\u00e7\u00e3o<\/h2>\t\t<\/div>\n\t\t\t\t<\/div>\n\t\t\t\t\t<\/div>\n\t\t<\/div>\n\t\t\t\t\t\t\t<\/div>\n\t\t<\/section>\n\t\t\t\t<section class=\"elementor-section elementor-top-section elementor-element elementor-element-3173d04 elementor-section-boxed elementor-section-height-default elementor-section-height-default\" data-id=\"3173d04\" data-element_type=\"section\">\n\t\t\t\t\t\t<div class=\"elementor-container elementor-column-gap-default\">\n\t\t\t\t\t<div class=\"elementor-column elementor-col-100 elementor-top-column elementor-element elementor-element-5c2cef1\" data-id=\"5c2cef1\" data-element_type=\"column\">\n\t\t\t<div class=\"elementor-widget-wrap elementor-element-populated\">\n\t\t\t\t\t\t\t\t<section class=\"elementor-section elementor-inner-section elementor-element elementor-element-6f96c40 elementor-section-boxed elementor-section-height-default elementor-section-height-default\" data-id=\"6f96c40\" data-element_type=\"section\">\n\t\t\t\t\t\t<div class=\"elementor-container elementor-column-gap-default\">\n\t\t\t\t\t<div class=\"elementor-column elementor-col-50 elementor-inner-column elementor-element elementor-element-b1ba650\" data-id=\"b1ba650\" data-element_type=\"column\">\n\t\t\t<div class=\"elementor-widget-wrap elementor-element-populated\">\n\t\t\t\t\t\t\t\t<div class=\"elementor-element elementor-element-fa2c564 elementor-widget elementor-widget-image\" data-id=\"fa2c564\" data-element_type=\"widget\" data-widget_type=\"image.default\">\n\t\t\t\t<div class=\"elementor-widget-container\">\n\t\t\t\t\t<div class=\"elementor-image\">\n\t\t\t\t\t\t\t\t\t\t<img width=\"270\" height=\"186\" src=\"https:\/\/seleg.com.br\/home\/wp-content\/uploads\/2021\/03\/Ar-condicionado.jpg\" class=\"attachment-large size-large\" alt=\"\" decoding=\"async\" loading=\"lazy\" \/>\t\t\t\t\t\t\t\t\t\t\t<\/div>\n\t\t\t\t<\/div>\n\t\t\t\t<\/div>\n\t\t\t\t\t<\/div>\n\t\t<\/div>\n\t\t\t\t<div class=\"elementor-column elementor-col-50 elementor-inner-column elementor-element elementor-element-926c3db\" data-id=\"926c3db\" data-element_type=\"column\">\n\t\t\t<div class=\"elementor-widget-wrap elementor-element-populated\">\n\t\t\t\t\t\t\t\t<div class=\"elementor-element elementor-element-181a14e elementor-widget elementor-widget-text-editor\" data-id=\"181a14e\" data-element_type=\"widget\" data-widget_type=\"text-editor.default\">\n\t\t\t\t<div class=\"elementor-widget-container\">\n\t\t\t\t\t<div class=\"elementor-text-editor elementor-clearfix\"><p><strong>DA MANUTEN\u00c7\u00c3O PREVENTIVA<\/strong><\/p><p>A\u00a0<strong>manuten\u00e7\u00e3o preventiva do ar-condicionado<\/strong>\u00a0\u00e9 fundamental para mant\u00ea-lo funcionando bem por mais tempo. Deixar\u00a0para fazer a manuten\u00e7\u00e3o do aparelho quando algum problema surge, \u00e9 um erro!<\/p><p>Com uma rotina de manuten\u00e7\u00e3o preventiva, \u00e9 poss\u00edvel diminuir o risco de algumas falhas e eliminar defeitos que podem se tornar problemas maiores no futuro como seu mau funcionamento que causa o maior consumo de energia, m\u00e1 qualidade do ar, barulhos inconvenientes, congelamento das pe\u00e7as internas, entre outras situa\u00e7\u00f5es, al\u00e9m de prevenir problemas para sua sa\u00fade.<\/p><p>Algumas vantagens da manuten\u00e7\u00e3o do ar condicionado:<\/p><ul><li>Economia: Um aparelho eficiente consome menos energia, ent\u00e3o com a manuten\u00e7\u00e3o preventiva voc\u00ea economiza na conta de luz.\u00a0\u00a0Aparelhos sujos ou que n\u00e3o passam por reparos e manuten\u00e7\u00f5es peri\u00f3dicas precisam fazer um esfor\u00e7o 20% maior para climatizar um local.<\/li><\/ul><ul><li>Qualidade do ar: Um ar-condicionado em bom estado n\u00e3o s\u00f3 ajuda a manter o ambiente fresco, mas tamb\u00e9m evita que sujeira, mofo e bact\u00e9rias se acumulem no equipamento \u2013 o que pode causar problemas respirat\u00f3rios e al\u00e9rgicos;\u00a0<\/li><\/ul><ul><li>Melhora da efici\u00eancia: Com a manuten\u00e7\u00e3o preventiva, o ar condicionado ficar\u00e1 sempre em bom estado.\u00a0<\/li><\/ul><p>A manuten\u00e7\u00e3o do ar condicionado deve ser feita por profissionais especializados, pois suas\u00a0pe\u00e7as devem ser bem ajustadas para n\u00e3o prejudicar o funcionamento do aparelho, al\u00e9m da utiliza\u00e7\u00e3o de equipamentos e ferramentas espec\u00edficas.<\/p><p>A Seleg garante que todos os processos realizados por sua equipe s\u00e3o feitos com qualidade, seguran\u00e7a e conforto que o cliente almeja:<\/p><p><strong>Praticidade<\/strong>:\u00a0Higienizamos todo o aparelho no pr\u00f3prio local sem sujar o ambiente com dura\u00e7\u00e3o de 1 hora.<\/p><p><strong>Meio Ambiente:<\/strong>\u00a0Utilizamos produtos biodegrad\u00e1veis e at\u00f3xicos registrados pela ANVISA<\/p><p><strong>O SERVI\u00c7O DE MANUNTE\u00c7\u00c3O CONSISTE EM:<\/strong><\/p><ul><li>Desmontar a parte frontal do aparelho de ar condicionado;<\/li><li>Lavar a serpentina, bandeja, turbina, filtros e o gabinete com \u00e1gua corrente;<\/li><li>Aplicar bactericida biodegr\u00e1davel (com registro na Anvisa);<\/li><li>Remontar a parte frontal do aparelho condicionador de ar;<\/li><\/ul><p><strong>DA INSTALA\u00c7\u00c3O<\/strong><\/p><p>A<strong>\u00a0instala\u00e7\u00e3o de ar condicionado<\/strong>\u00a0\u00e9 feita conforme o que estabelece as normas e leis vigentes. Leva-se em considera\u00e7\u00e3o a elabora\u00e7\u00e3o de um projeto adequado, que atenda \u00e0s necessidades de cada instala\u00e7\u00e3o; o conforto t\u00e9rmico gerado pelo aparelho de ar-condicionado e a qualidade do ar durante a sua utiliza\u00e7\u00e3o.<\/p><p>Antes da instala\u00e7\u00e3o do ar-condicionado, a Associa\u00e7\u00e3o Brasileira de Normas T\u00e9cnicas (ABNT) determina, por meio da\u00a0<strong>NBR 16401-1:2008<\/strong>, uma an\u00e1lise a respeito dos impactos relacionados ao consumo de energia el\u00e9trica e tamb\u00e9m ao meio ambiente. Al\u00e9m disso, avalia-se as instala\u00e7\u00f5es do local, carga t\u00e9rmica, entre outros aspectos.<\/p><p>A ABNT tamb\u00e9m \u00e9 respons\u00e1vel por especificar os n\u00edveis aceit\u00e1veis de ru\u00eddos transmitidos pelos condicionadores de ar. Acompanha-se as informa\u00e7\u00f5es disponibilizadas pela\u00a0<strong>NBR 10151<\/strong>.<\/p><p>A Seleg\u00a0preza pela qualidade dos servi\u00e7os prestados. Nossas manuten\u00e7\u00f5es s\u00e3o realizadas em conformidade com a\u00a0<strong>Portaria 3.523\/98<\/strong>\u00a0do Minist\u00e9rio da Sa\u00fade, Resolu\u00e7\u00e3o n\u00ba9\/2003, da Ag\u00eancia Nacional de Vigil\u00e2ncia Sanit\u00e1ria (Anvisa) e com a elabora\u00e7\u00e3o do Plano de Manuten\u00e7\u00e3o, Opera\u00e7\u00e3o e Controle (PMOC).<\/p><p>O\u00a0 PMOC \u00e9 um plano elaborado para estabelecimentos que utilizam aparelhos de ar-condicionado em suas depend\u00eancias. Legalmente, ap\u00f3s sua elabora\u00e7\u00e3o, tem-se o prazo de at\u00e9 180 dias para ser implantado. Desde 2018, a Lei Federal 13.589 obriga a manuten\u00e7\u00e3o preventiva de sistemas de ar condicionado em ambientes climatizados artificialmente. A medida visa reduzir ou eliminar a ocorr\u00eancia de problemas t\u00e9cnicos dos equipamentos e riscos de sa\u00fade dos usu\u00e1rios<\/p><p>Nele, h\u00e1 informa\u00e7\u00f5es que identificam o local, descri\u00e7\u00e3o das atividades, entre outros aspectos que respeitam o que determina a legisla\u00e7\u00e3o relacionada a\u00a0<strong>Seguran\u00e7a e Medicina do Trabalho<\/strong>. \u00c9 um documento crucial para quem deseja ter aparelhos de ar condicionado em seus im\u00f3veis que sejam seguros e eficientes.<\/p><p><strong>O SERVI\u00c7O DE INSTALA\u00c7\u00c3O CONSISTE EM:<\/strong><\/p><ul><li>Fixa\u00e7\u00e3o das Evaporadoras e Condensadoras<\/li><li>Interliga\u00e7\u00e3o das unidades com cabo PP de comunica\u00e7\u00e3o<\/li><li>Interliga\u00e7\u00e3o das unidades com Tubula\u00e7\u00e3o de Cobre e Isolante<\/li><li>Teste de vazamentos de g\u00e1s<\/li><li>Infraestrutura para pontos el\u00e9tricos, fura\u00e7\u00f5es, cortes e acabamentos<\/li><li>Emiss\u00e3o de Laudo ART\/RRT<\/li><li>Certificado de Garantia<\/li><\/ul><\/div>\n\t\t\t\t<\/div>\n\t\t\t\t<\/div>\n\t\t\t\t<div class=\"elementor-element elementor-element-378b157 elementor-widget elementor-widget-button\" data-id=\"378b157\" data-element_type=\"widget\" data-widget_type=\"button.default\">\n\t\t\t\t<div class=\"elementor-widget-container\">\n\t\t\t\t\t<div class=\"elementor-button-wrapper\">\n\t\t\t<a href=\"https:\/\/wa.me\/5527999967002\" class=\"elementor-button-link elementor-button elementor-size-sm\" role=\"button\">\n\t\t\t\t\t\t<span class=\"elementor-button-content-wrapper\">\n\t\t\t\t\t\t<span class=\"elementor-button-text\">Or\u00e7amento<\/span>\n\t\t<\/span>\n\t\t\t\t\t<\/a>\n\t\t<\/div>\n\t\t\t\t<\/div>\n\t\t\t\t<\/div>\n\t\t\t\t\t<\/div>\n\t\t<\/div>\n\t\t\t\t\t\t\t<\/div>\n\t\t<\/section>\n\t\t\t\t\t<\/div>\n\t\t<\/div>\n\t\t\t\t\t\t\t<\/div>\n\t\t<\/section>\n\t\t\t\t\t\t<\/div>\n\t\t\t\t\t<\/div>\n\t\t","protected":false},"excerpt":{"rendered":"<p>Climatiza\u00e7\u00e3o DA MANUTEN\u00c7\u00c3O PREVENTIVA A\u00a0manuten\u00e7\u00e3o preventiva do ar-condicionado\u00a0\u00e9 fundamental para mant\u00ea-lo funcionando bem por mais tempo. Deixar\u00a0para fazer a manuten\u00e7\u00e3o do aparelho quando algum problema surge, \u00e9 um erro! Com uma rotina de manuten\u00e7\u00e3o preventiva, \u00e9 poss\u00edvel diminuir o risco de algumas falhas e eliminar defeitos que podem se tornar problemas maiores no futuro como &hellip;<\/p>\n<p class=\"read-more\"> <a class=\"\" href=\"https:\/\/seleg.com.br\/home\/?page_id=25061\"> <span class=\"screen-reader-text\">Climatiza\u00e7\u00e3o<\/span> Leia mais &raquo;<\/a><\/p>\n","protected":false},"author":2,"featured_media":0,"parent":0,"menu_order":0,"comment_status":"closed","ping_status":"closed","template":"","meta":[],"_links":{"self":[{"href":"https:\/\/seleg.com.br\/home\/index.php?rest_route=\/wp\/v2\/pages\/25061"}],"collection":[{"href":"https:\/\/seleg.com.br\/home\/index.php?rest_route=\/wp\/v2\/pages"}],"about":[{"href":"https:\/\/seleg.com.br\/home\/index.php?rest_route=\/wp\/v2\/types\/page"}],"author":[{"embeddable":true,"href":"https:\/\/seleg.com.br\/home\/index.php?rest_route=\/wp\/v2\/users\/2"}],"replies":[{"embeddable":true,"href":"https:\/\/seleg.com.br\/home\/index.php?rest_route=%2Fwp%2Fv2%2Fcomments&post=25061"}],"version-history":[{"count":4,"href":"https:\/\/seleg.com.br\/home\/index.php?rest_route=\/wp\/v2\/pages\/25061\/revisions"}],"predecessor-version":[{"id":25098,"href":"https:\/\/seleg.com.br\/home\/index.php?rest_route=\/wp\/v2\/pages\/25061\/revisions\/25098"}],"wp:attachment":[{"href":"https:\/\/seleg.com.br\/home\/index.php?rest_route=%2Fwp%2Fv2%2Fmedia&parent=25061"}],"curies":[{"name":"wp","href":"https:\/\/api.w.org\/{rel}","templated":true}]}}