{"id":25059,"date":"2021-03-10T18:32:08","date_gmt":"2021-03-10T18:32:08","guid":{"rendered":"https:\/\/seleg.com.br\/home\/?page_id=25059"},"modified":"2021-03-10T19:14:57","modified_gmt":"2021-03-10T19:14:57","slug":"engenharia-eletrica","status":"publish","type":"page","link":"https:\/\/seleg.com.br\/home\/?page_id=25059","title":{"rendered":"Engenharia El\u00e9trica"},"content":{"rendered":"\t\t<div data-elementor-type=\"wp-page\" data-elementor-id=\"25059\" class=\"elementor elementor-25059\" data-elementor-settings=\"[]\">\n\t\t\t\t\t\t\t<div class=\"elementor-section-wrap\">\n\t\t\t\t\t\t\t<section class=\"elementor-section elementor-top-section elementor-element elementor-element-b788086 elementor-section-full_width elementor-section-height-default elementor-section-height-default\" data-id=\"b788086\" data-element_type=\"section\" data-settings=\"{&quot;background_background&quot;:&quot;classic&quot;}\">\n\t\t\t\t\t\t\t<div class=\"elementor-background-overlay\"><\/div>\n\t\t\t\t\t\t\t<div class=\"elementor-container elementor-column-gap-default\">\n\t\t\t\t\t<div class=\"elementor-column elementor-col-100 elementor-top-column elementor-element elementor-element-6aeb800\" data-id=\"6aeb800\" data-element_type=\"column\">\n\t\t\t<div class=\"elementor-widget-wrap elementor-element-populated\">\n\t\t\t\t\t\t\t\t<div class=\"elementor-element elementor-element-011cc3b elementor-widget elementor-widget-heading\" data-id=\"011cc3b\" data-element_type=\"widget\" data-widget_type=\"heading.default\">\n\t\t\t\t<div class=\"elementor-widget-container\">\n\t\t\t<h2 class=\"elementor-heading-title elementor-size-default\">Engenharia El\u00e9trica<\/h2>\t\t<\/div>\n\t\t\t\t<\/div>\n\t\t\t\t\t<\/div>\n\t\t<\/div>\n\t\t\t\t\t\t\t<\/div>\n\t\t<\/section>\n\t\t\t\t<section class=\"elementor-section elementor-top-section elementor-element elementor-element-cc44457 elementor-section-boxed elementor-section-height-default elementor-section-height-default\" data-id=\"cc44457\" data-element_type=\"section\">\n\t\t\t\t\t\t<div class=\"elementor-container elementor-column-gap-default\">\n\t\t\t\t\t<div class=\"elementor-column elementor-col-100 elementor-top-column elementor-element elementor-element-9eeb084\" data-id=\"9eeb084\" data-element_type=\"column\">\n\t\t\t<div class=\"elementor-widget-wrap elementor-element-populated\">\n\t\t\t\t\t\t\t\t<section class=\"elementor-section elementor-inner-section elementor-element elementor-element-b21bfbc elementor-section-boxed elementor-section-height-default elementor-section-height-default\" data-id=\"b21bfbc\" data-element_type=\"section\">\n\t\t\t\t\t\t<div class=\"elementor-container elementor-column-gap-default\">\n\t\t\t\t\t<div class=\"elementor-column elementor-col-50 elementor-inner-column elementor-element elementor-element-2b2ff60\" data-id=\"2b2ff60\" data-element_type=\"column\">\n\t\t\t<div class=\"elementor-widget-wrap elementor-element-populated\">\n\t\t\t\t\t\t\t\t<div class=\"elementor-element elementor-element-b924e44 elementor-widget elementor-widget-image\" data-id=\"b924e44\" data-element_type=\"widget\" data-widget_type=\"image.default\">\n\t\t\t\t<div class=\"elementor-widget-container\">\n\t\t\t\t\t<div class=\"elementor-image\">\n\t\t\t\t\t\t\t\t\t\t<img width=\"300\" height=\"168\" src=\"https:\/\/seleg.com.br\/home\/wp-content\/uploads\/2021\/03\/Engenharia-1.jpg\" class=\"attachment-large size-large\" alt=\"\" decoding=\"async\" loading=\"lazy\" \/>\t\t\t\t\t\t\t\t\t\t\t<\/div>\n\t\t\t\t<\/div>\n\t\t\t\t<\/div>\n\t\t\t\t\t<\/div>\n\t\t<\/div>\n\t\t\t\t<div class=\"elementor-column elementor-col-50 elementor-inner-column elementor-element elementor-element-8b7da83\" data-id=\"8b7da83\" data-element_type=\"column\">\n\t\t\t<div class=\"elementor-widget-wrap elementor-element-populated\">\n\t\t\t\t\t\t\t\t<div class=\"elementor-element elementor-element-bc41a91 elementor-widget elementor-widget-text-editor\" data-id=\"bc41a91\" data-element_type=\"widget\" data-widget_type=\"text-editor.default\">\n\t\t\t\t<div class=\"elementor-widget-container\">\n\t\t\t\t\t<div class=\"elementor-text-editor elementor-clearfix\">A presta\u00e7\u00e3o de servi\u00e7os de engenharia el\u00e9trica \u00e9 bastante vasta e engloba qualquer situa\u00e7\u00e3o onde ser\u00e1 necess\u00e1rio o contato com as redes el\u00e9tricas, seja atrav\u00e9s da elabora\u00e7\u00e3o de um projeto de instala\u00e7\u00e3o el\u00e9trica, confec\u00e7\u00e3o de laudos para a aprova\u00e7\u00e3o de constru\u00e7\u00f5es e instala\u00e7\u00f5es el\u00e9tricas, ou mesmo os servi\u00e7os de manuten\u00e7\u00e3o, e at\u00e9 de instala\u00e7\u00f5es que precisam ser realizados por m\u00e3o de obra mais qualificada.\nIsso, porque a energia el\u00e9trica est\u00e1 presente em todos os setores de nossas vidas, sejam eles comerciais, de servi\u00e7o, industriais ou mesmo em nossa resid\u00eancia. Por isso, importante consultar um engenheiro el\u00e9trico quando for necess\u00e1ria a presta\u00e7\u00e3o de servi\u00e7os de engenharia el\u00e9trica, pois este profissional garante que os requisitos normativos e contratuais sejam atendidos, tais como, normas t\u00e9cnicas, diretrizes, caderno de encargos, entre outros documentos, resultando na emiss\u00e3o de um Parecer T\u00e9cnico. \nTrata-se de um servi\u00e7o de \u00f3tima rela\u00e7\u00e3o custo-benef\u00edcio, j\u00e1 que poder\u00e1 evitar retrabalhos, despesas desnecess\u00e1rias, conflitos futuros e passivos construtivos.\n<\/div>\n\t\t\t\t<\/div>\n\t\t\t\t<\/div>\n\t\t\t\t<div class=\"elementor-element elementor-element-8a37877 elementor-widget elementor-widget-button\" data-id=\"8a37877\" data-element_type=\"widget\" data-widget_type=\"button.default\">\n\t\t\t\t<div class=\"elementor-widget-container\">\n\t\t\t\t\t<div class=\"elementor-button-wrapper\">\n\t\t\t<a href=\"https:\/\/wa.me\/5527999967002\" class=\"elementor-button-link elementor-button elementor-size-sm\" role=\"button\">\n\t\t\t\t\t\t<span class=\"elementor-button-content-wrapper\">\n\t\t\t\t\t\t<span class=\"elementor-button-text\">Or\u00e7amento<\/span>\n\t\t<\/span>\n\t\t\t\t\t<\/a>\n\t\t<\/div>\n\t\t\t\t<\/div>\n\t\t\t\t<\/div>\n\t\t\t\t\t<\/div>\n\t\t<\/div>\n\t\t\t\t\t\t\t<\/div>\n\t\t<\/section>\n\t\t\t\t\t<\/div>\n\t\t<\/div>\n\t\t\t\t\t\t\t<\/div>\n\t\t<\/section>\n\t\t\t\t\t\t<\/div>\n\t\t\t\t\t<\/div>\n\t\t","protected":false},"excerpt":{"rendered":"<p>Engenharia El\u00e9trica A presta\u00e7\u00e3o de servi\u00e7os de engenharia el\u00e9trica \u00e9 bastante vasta e engloba qualquer situa\u00e7\u00e3o onde ser\u00e1 necess\u00e1rio o contato com as redes el\u00e9tricas, seja atrav\u00e9s da elabora\u00e7\u00e3o de um projeto de instala\u00e7\u00e3o el\u00e9trica, confec\u00e7\u00e3o de laudos para a aprova\u00e7\u00e3o de constru\u00e7\u00f5es e instala\u00e7\u00f5es el\u00e9tricas, ou mesmo os servi\u00e7os de manuten\u00e7\u00e3o, e at\u00e9 de &hellip;<\/p>\n<p class=\"read-more\"> <a class=\"\" href=\"https:\/\/seleg.com.br\/home\/?page_id=25059\"> <span class=\"screen-reader-text\">Engenharia El\u00e9trica<\/span> Leia mais &raquo;<\/a><\/p>\n","protected":false},"author":2,"featured_media":0,"parent":0,"menu_order":0,"comment_status":"closed","ping_status":"closed","template":"","meta":[],"_links":{"self":[{"href":"https:\/\/seleg.com.br\/home\/index.php?rest_route=\/wp\/v2\/pages\/25059"}],"collection":[{"href":"https:\/\/seleg.com.br\/home\/index.php?rest_route=\/wp\/v2\/pages"}],"about":[{"href":"https:\/\/seleg.com.br\/home\/index.php?rest_route=\/wp\/v2\/types\/page"}],"author":[{"embeddable":true,"href":"https:\/\/seleg.com.br\/home\/index.php?rest_route=\/wp\/v2\/users\/2"}],"replies":[{"embeddable":true,"href":"https:\/\/seleg.com.br\/home\/index.php?rest_route=%2Fwp%2Fv2%2Fcomments&post=25059"}],"version-history":[{"count":4,"href":"https:\/\/seleg.com.br\/home\/index.php?rest_route=\/wp\/v2\/pages\/25059\/revisions"}],"predecessor-version":[{"id":25094,"href":"https:\/\/seleg.com.br\/home\/index.php?rest_route=\/wp\/v2\/pages\/25059\/revisions\/25094"}],"wp:attachment":[{"href":"https:\/\/seleg.com.br\/home\/index.php?rest_route=%2Fwp%2Fv2%2Fmedia&parent=25059"}],"curies":[{"name":"wp","href":"https:\/\/api.w.org\/{rel}","templated":true}]}}