{"id":25057,"date":"2021-03-10T18:31:54","date_gmt":"2021-03-10T18:31:54","guid":{"rendered":"https:\/\/seleg.com.br\/home\/?page_id=25057"},"modified":"2021-03-10T19:10:37","modified_gmt":"2021-03-10T19:10:37","slug":"eletrica-industrial","status":"publish","type":"page","link":"https:\/\/seleg.com.br\/home\/?page_id=25057","title":{"rendered":"El\u00e9trica Industrial"},"content":{"rendered":"\t\t<div data-elementor-type=\"wp-page\" data-elementor-id=\"25057\" class=\"elementor elementor-25057\" data-elementor-settings=\"[]\">\n\t\t\t\t\t\t\t<div class=\"elementor-section-wrap\">\n\t\t\t\t\t\t\t<section class=\"elementor-section elementor-top-section elementor-element elementor-element-644c072 elementor-section-full_width elementor-section-height-default elementor-section-height-default\" data-id=\"644c072\" data-element_type=\"section\" data-settings=\"{&quot;background_background&quot;:&quot;classic&quot;}\">\n\t\t\t\t\t\t\t<div class=\"elementor-background-overlay\"><\/div>\n\t\t\t\t\t\t\t<div class=\"elementor-container elementor-column-gap-default\">\n\t\t\t\t\t<div class=\"elementor-column elementor-col-100 elementor-top-column elementor-element elementor-element-84540f1\" data-id=\"84540f1\" data-element_type=\"column\">\n\t\t\t<div class=\"elementor-widget-wrap elementor-element-populated\">\n\t\t\t\t\t\t\t\t<div class=\"elementor-element elementor-element-be497ab elementor-widget elementor-widget-heading\" data-id=\"be497ab\" data-element_type=\"widget\" data-widget_type=\"heading.default\">\n\t\t\t\t<div class=\"elementor-widget-container\">\n\t\t\t<h2 class=\"elementor-heading-title elementor-size-default\">El\u00e9trica Industrial<\/h2>\t\t<\/div>\n\t\t\t\t<\/div>\n\t\t\t\t\t<\/div>\n\t\t<\/div>\n\t\t\t\t\t\t\t<\/div>\n\t\t<\/section>\n\t\t\t\t<section class=\"elementor-section elementor-top-section elementor-element elementor-element-7150334 elementor-section-boxed elementor-section-height-default elementor-section-height-default\" data-id=\"7150334\" data-element_type=\"section\">\n\t\t\t\t\t\t<div class=\"elementor-container elementor-column-gap-default\">\n\t\t\t\t\t<div class=\"elementor-column elementor-col-100 elementor-top-column elementor-element elementor-element-81bfdd3\" data-id=\"81bfdd3\" data-element_type=\"column\">\n\t\t\t<div class=\"elementor-widget-wrap elementor-element-populated\">\n\t\t\t\t\t\t\t\t<section class=\"elementor-section elementor-inner-section elementor-element elementor-element-3fcb279 elementor-section-boxed elementor-section-height-default elementor-section-height-default\" data-id=\"3fcb279\" data-element_type=\"section\">\n\t\t\t\t\t\t<div class=\"elementor-container elementor-column-gap-default\">\n\t\t\t\t\t<div class=\"elementor-column elementor-col-50 elementor-inner-column elementor-element elementor-element-a091103\" data-id=\"a091103\" data-element_type=\"column\">\n\t\t\t<div class=\"elementor-widget-wrap elementor-element-populated\">\n\t\t\t\t\t\t\t\t<div class=\"elementor-element elementor-element-5690179 elementor-widget elementor-widget-image\" data-id=\"5690179\" data-element_type=\"widget\" data-widget_type=\"image.default\">\n\t\t\t\t<div class=\"elementor-widget-container\">\n\t\t\t\t\t<div class=\"elementor-image\">\n\t\t\t\t\t\t\t\t\t\t<img width=\"350\" height=\"350\" src=\"https:\/\/seleg.com.br\/home\/wp-content\/uploads\/2021\/03\/industrial-1.jpg\" class=\"attachment-large size-large\" alt=\"\" decoding=\"async\" loading=\"lazy\" srcset=\"https:\/\/seleg.com.br\/home\/wp-content\/uploads\/2021\/03\/industrial-1.jpg 350w, https:\/\/seleg.com.br\/home\/wp-content\/uploads\/2021\/03\/industrial-1-300x300.jpg 300w, https:\/\/seleg.com.br\/home\/wp-content\/uploads\/2021\/03\/industrial-1-150x150.jpg 150w\" sizes=\"(max-width: 350px) 100vw, 350px\" \/>\t\t\t\t\t\t\t\t\t\t\t<\/div>\n\t\t\t\t<\/div>\n\t\t\t\t<\/div>\n\t\t\t\t\t<\/div>\n\t\t<\/div>\n\t\t\t\t<div class=\"elementor-column elementor-col-50 elementor-inner-column elementor-element elementor-element-b1b00a8\" data-id=\"b1b00a8\" data-element_type=\"column\">\n\t\t\t<div class=\"elementor-widget-wrap elementor-element-populated\">\n\t\t\t\t\t\t\t\t<div class=\"elementor-element elementor-element-cab81e5 elementor-widget elementor-widget-text-editor\" data-id=\"cab81e5\" data-element_type=\"widget\" data-widget_type=\"text-editor.default\">\n\t\t\t\t<div class=\"elementor-widget-container\">\n\t\t\t\t\t<div class=\"elementor-text-editor elementor-clearfix\"><p>Gerenciar equipamentos el\u00e9tricos requer total aten\u00e7\u00e3o e cuidados para garantir o bom funcionamento dos equipamentos, patrim\u00f4nio e seguran\u00e7a das pessoas. Sendo assim, a manuten\u00e7\u00e3o el\u00e9trica industrial se torna um servi\u00e7o essencial.<\/p><p>No entanto, a manuten\u00e7\u00e3o el\u00e9trica industrial s\u00f3 deve ser realizada por profissionais capacitados e com os equipamentos de prote\u00e7\u00e3o adequados para evitar qualquer tipo de acidente, j\u00e1 que lidar com circuitos el\u00e9tricos \u00e9 uma tarefa que exige total aten\u00e7\u00e3o e cuidado.<\/p><p>A Seleg \u00e9 refer\u00eancia nesse assunto, pois possui profissionais extremamente comprometidos e qualificados em seus diversos servi\u00e7os prestados, garantindo atendimento de acordo com a necessidade de cada cliente.<\/p><p>TIPOS DE MANUTEN\u00c7\u00c3O EL\u00c9TRICA INDUSTRIAL OFERECIDOS PELA SELEG<\/p><p>A manuten\u00e7\u00e3o el\u00e9trica industrial pode ser dividida em dois tipos: a manuten\u00e7\u00e3o el\u00e9trica preventiva e a corretiva.<br \/>Manuten\u00e7\u00e3o el\u00e9trica preventiva \u2013 S\u00e3o utilizadas t\u00e9cnicas para detectar a exist\u00eancia de poss\u00edveis falhas nos sistemas el\u00e9tricos antes que o funcionamento do equipamento seja comprometido.<br \/>A manuten\u00e7\u00e3o el\u00e9trica industrial preventiva da Seleg \u00e9 realizada por meio de um contrato de servi\u00e7o espec\u00edfico para cada projeto, seguindo a disponibilidade e necessidade do cliente.<br \/>Manuten\u00e7\u00e3o el\u00e9trica corretiva \u2013 \u00c9 utilizada quando algum equipamento apresenta falhas por motivos el\u00e9tricos, comprometendo o desempenho deles. As falhas em sistemas el\u00e9tricos s\u00e3o perigosas por expor pessoas a acidentes. Esse tipo de problema ainda pode gerar preju\u00edzos financeiros for\u00e7ando a parada de equipamentos e produ\u00e7\u00e3o.<\/p><\/div>\n\t\t\t\t<\/div>\n\t\t\t\t<\/div>\n\t\t\t\t<div class=\"elementor-element elementor-element-150574d elementor-widget elementor-widget-button\" data-id=\"150574d\" data-element_type=\"widget\" data-widget_type=\"button.default\">\n\t\t\t\t<div class=\"elementor-widget-container\">\n\t\t\t\t\t<div class=\"elementor-button-wrapper\">\n\t\t\t<a href=\"https:\/\/wa.me\/5527999967002\" class=\"elementor-button-link elementor-button elementor-size-sm\" role=\"button\">\n\t\t\t\t\t\t<span class=\"elementor-button-content-wrapper\">\n\t\t\t\t\t\t<span class=\"elementor-button-text\">Or\u00e7amento<\/span>\n\t\t<\/span>\n\t\t\t\t\t<\/a>\n\t\t<\/div>\n\t\t\t\t<\/div>\n\t\t\t\t<\/div>\n\t\t\t\t\t<\/div>\n\t\t<\/div>\n\t\t\t\t\t\t\t<\/div>\n\t\t<\/section>\n\t\t\t\t\t<\/div>\n\t\t<\/div>\n\t\t\t\t\t\t\t<\/div>\n\t\t<\/section>\n\t\t\t\t\t\t<\/div>\n\t\t\t\t\t<\/div>\n\t\t","protected":false},"excerpt":{"rendered":"<p>El\u00e9trica Industrial Gerenciar equipamentos el\u00e9tricos requer total aten\u00e7\u00e3o e cuidados para garantir o bom funcionamento dos equipamentos, patrim\u00f4nio e seguran\u00e7a das pessoas. Sendo assim, a manuten\u00e7\u00e3o el\u00e9trica industrial se torna um servi\u00e7o essencial. No entanto, a manuten\u00e7\u00e3o el\u00e9trica industrial s\u00f3 deve ser realizada por profissionais capacitados e com os equipamentos de prote\u00e7\u00e3o adequados para evitar &hellip;<\/p>\n<p class=\"read-more\"> <a class=\"\" href=\"https:\/\/seleg.com.br\/home\/?page_id=25057\"> <span class=\"screen-reader-text\">El\u00e9trica Industrial<\/span> Leia mais &raquo;<\/a><\/p>\n","protected":false},"author":2,"featured_media":0,"parent":0,"menu_order":0,"comment_status":"closed","ping_status":"closed","template":"","meta":[],"_links":{"self":[{"href":"https:\/\/seleg.com.br\/home\/index.php?rest_route=\/wp\/v2\/pages\/25057"}],"collection":[{"href":"https:\/\/seleg.com.br\/home\/index.php?rest_route=\/wp\/v2\/pages"}],"about":[{"href":"https:\/\/seleg.com.br\/home\/index.php?rest_route=\/wp\/v2\/types\/page"}],"author":[{"embeddable":true,"href":"https:\/\/seleg.com.br\/home\/index.php?rest_route=\/wp\/v2\/users\/2"}],"replies":[{"embeddable":true,"href":"https:\/\/seleg.com.br\/home\/index.php?rest_route=%2Fwp%2Fv2%2Fcomments&post=25057"}],"version-history":[{"count":7,"href":"https:\/\/seleg.com.br\/home\/index.php?rest_route=\/wp\/v2\/pages\/25057\/revisions"}],"predecessor-version":[{"id":25089,"href":"https:\/\/seleg.com.br\/home\/index.php?rest_route=\/wp\/v2\/pages\/25057\/revisions\/25089"}],"wp:attachment":[{"href":"https:\/\/seleg.com.br\/home\/index.php?rest_route=%2Fwp%2Fv2%2Fmedia&parent=25057"}],"curies":[{"name":"wp","href":"https:\/\/api.w.org\/{rel}","templated":true}]}}