{"id":158,"date":"2018-12-06T12:49:02","date_gmt":"2018-12-06T12:49:02","guid":{"rendered":"http:\/\/seleg.com.br\/home\/?page_id=158"},"modified":"2021-09-02T19:34:00","modified_gmt":"2021-09-02T19:34:00","slug":"empresa","status":"publish","type":"page","link":"https:\/\/seleg.com.br\/home\/?page_id=158","title":{"rendered":"EMPRESA"},"content":{"rendered":"\t\t<div data-elementor-type=\"wp-post\" data-elementor-id=\"158\" class=\"elementor elementor-158\" data-elementor-settings=\"[]\">\n\t\t\t\t\t\t\t<div class=\"elementor-section-wrap\">\n\t\t\t\t\t\t\t<section class=\"elementor-section elementor-top-section elementor-element elementor-element-9690a79 elementor-section-full_width elementor-section-height-default elementor-section-height-default\" data-id=\"9690a79\" data-element_type=\"section\" data-settings=\"{&quot;background_background&quot;:&quot;classic&quot;}\">\n\t\t\t\t\t\t\t<div class=\"elementor-background-overlay\"><\/div>\n\t\t\t\t\t\t\t<div class=\"elementor-container elementor-column-gap-no\">\n\t\t\t\t\t<div class=\"elementor-column elementor-col-100 elementor-top-column elementor-element elementor-element-69d31e9\" data-id=\"69d31e9\" data-element_type=\"column\">\n\t\t\t<div class=\"elementor-widget-wrap elementor-element-populated\">\n\t\t\t\t\t\t\t\t<div class=\"elementor-element elementor-element-b3f3576 elementor-position-top elementor-vertical-align-top elementor-widget elementor-widget-image-box\" data-id=\"b3f3576\" data-element_type=\"widget\" data-widget_type=\"image-box.default\">\n\t\t\t\t<div class=\"elementor-widget-container\">\n\t\t\t<div class=\"elementor-image-box-wrapper\"><div class=\"elementor-image-box-content\"><h1 class=\"elementor-image-box-title\">A Empresa<\/h1><\/div><\/div>\t\t<\/div>\n\t\t\t\t<\/div>\n\t\t\t\t\t<\/div>\n\t\t<\/div>\n\t\t\t\t\t\t\t<\/div>\n\t\t<\/section>\n\t\t\t\t<section class=\"elementor-section elementor-top-section elementor-element elementor-element-677e583 elementor-section-height-min-height elementor-section-items-top elementor-section-boxed elementor-section-height-default\" data-id=\"677e583\" data-element_type=\"section\">\n\t\t\t\t\t\t<div class=\"elementor-container elementor-column-gap-no\">\n\t\t\t\t\t<div class=\"elementor-column elementor-col-100 elementor-top-column elementor-element elementor-element-13d1ca2\" data-id=\"13d1ca2\" data-element_type=\"column\">\n\t\t\t<div class=\"elementor-widget-wrap elementor-element-populated\">\n\t\t\t\t\t\t\t\t<section class=\"elementor-section elementor-inner-section elementor-element elementor-element-2972f7f elementor-section-boxed elementor-section-height-default elementor-section-height-default\" data-id=\"2972f7f\" data-element_type=\"section\">\n\t\t\t\t\t\t<div class=\"elementor-container elementor-column-gap-default\">\n\t\t\t\t\t<div class=\"elementor-column elementor-col-50 elementor-inner-column elementor-element elementor-element-a26fb1d\" data-id=\"a26fb1d\" data-element_type=\"column\">\n\t\t\t<div class=\"elementor-widget-wrap elementor-element-populated\">\n\t\t\t\t\t\t\t\t<div class=\"elementor-element elementor-element-a63fb4b elementor-widget elementor-widget-heading\" data-id=\"a63fb4b\" data-element_type=\"widget\" data-widget_type=\"heading.default\">\n\t\t\t\t<div class=\"elementor-widget-container\">\n\t\t\t<h2 class=\"elementor-heading-title elementor-size-default\">A SELEG<\/h2>\t\t<\/div>\n\t\t\t\t<\/div>\n\t\t\t\t\t<\/div>\n\t\t<\/div>\n\t\t\t\t<div class=\"elementor-column elementor-col-50 elementor-inner-column elementor-element elementor-element-6dd667c\" data-id=\"6dd667c\" data-element_type=\"column\">\n\t\t\t<div class=\"elementor-widget-wrap elementor-element-populated\">\n\t\t\t\t\t\t\t\t<div class=\"elementor-element elementor-element-72523a0 elementor-widget elementor-widget-text-editor\" data-id=\"72523a0\" data-element_type=\"widget\" data-widget_type=\"text-editor.default\">\n\t\t\t\t<div class=\"elementor-widget-container\">\n\t\t\t\t\t<div class=\"elementor-text-editor elementor-clearfix\"><p>Fundada em 2011, a SELEG SERVI\u00c7OS\u00a0 \u00e9 uma empresa 100% capixaba dedicada \u00e1 presta\u00e7\u00e3o de servi\u00e7os:\u00a0<br \/><span style=\"font-style: inherit; font-weight: inherit;\">Com equipe preparada atuamos em diversos seguimentos, sendo: SERVI\u00c7OS EL\u00c9TRICOS, CLIMATIZA\u00c7\u00c3O, FAC\u00cdLITIES E SEGURAN\u00c7A PRIVADA.<\/span><\/p><p>A SELEG \u00e9 comprometida em levar a seus clientes servi\u00e7os de alt\u00edssima qualidade, focada na necessidade de cada cliente. Acreditamos que nosso crescimento se d\u00e1 em consequ\u00eancia de aperfei\u00e7oamento cont\u00ednuo de qualidade de servi\u00e7os, \u00e9tica, idoneidade, compromisso, cumprimento e relacionamento com nossos clientes<\/p><p>Em termos de estrutura, temos profissional t\u00e9cnico que atende de imediato a solicita\u00e7\u00e3o de nossos clientes.<br \/>Para cumprir com efici\u00eancia e pontualidade somos capacitados para chegar ao cliente e atender sua necessidade.<\/p><\/div>\n\t\t\t\t<\/div>\n\t\t\t\t<\/div>\n\t\t\t\t\t<\/div>\n\t\t<\/div>\n\t\t\t\t\t\t\t<\/div>\n\t\t<\/section>\n\t\t\t\t<div class=\"elementor-element elementor-element-202f304 elementor-widget-divider--view-line elementor-widget elementor-widget-divider\" data-id=\"202f304\" data-element_type=\"widget\" data-widget_type=\"divider.default\">\n\t\t\t\t<div class=\"elementor-widget-container\">\n\t\t\t\t\t<div class=\"elementor-divider\">\n\t\t\t<span class=\"elementor-divider-separator\">\n\t\t\t\t\t\t<\/span>\n\t\t<\/div>\n\t\t\t\t<\/div>\n\t\t\t\t<\/div>\n\t\t\t\t<section class=\"elementor-section elementor-inner-section elementor-element elementor-element-e56e5a9 elementor-section-boxed elementor-section-height-default elementor-section-height-default\" data-id=\"e56e5a9\" data-element_type=\"section\">\n\t\t\t\t\t\t<div class=\"elementor-container elementor-column-gap-default\">\n\t\t\t\t\t<div class=\"elementor-column elementor-col-50 elementor-inner-column elementor-element elementor-element-95ee072\" data-id=\"95ee072\" data-element_type=\"column\">\n\t\t\t<div class=\"elementor-widget-wrap elementor-element-populated\">\n\t\t\t\t\t\t\t\t<div class=\"elementor-element elementor-element-1b16ccd elementor-widget elementor-widget-heading\" data-id=\"1b16ccd\" data-element_type=\"widget\" data-widget_type=\"heading.default\">\n\t\t\t\t<div class=\"elementor-widget-container\">\n\t\t\t<h2 class=\"elementor-heading-title elementor-size-default\">Confian\u00e7a<\/h2>\t\t<\/div>\n\t\t\t\t<\/div>\n\t\t\t\t\t<\/div>\n\t\t<\/div>\n\t\t\t\t<div class=\"elementor-column elementor-col-50 elementor-inner-column elementor-element elementor-element-4be50b8\" data-id=\"4be50b8\" data-element_type=\"column\">\n\t\t\t<div class=\"elementor-widget-wrap elementor-element-populated\">\n\t\t\t\t\t\t\t\t<div class=\"elementor-element elementor-element-b3f42dc elementor-widget elementor-widget-text-editor\" data-id=\"b3f42dc\" data-element_type=\"widget\" data-widget_type=\"text-editor.default\">\n\t\t\t\t<div class=\"elementor-widget-container\">\n\t\t\t\t\t<div class=\"elementor-text-editor elementor-clearfix\"><p>A SELEG tem como objetivo ser refer\u00eancia em presta\u00e7\u00e3o de servi\u00e7os no estado do Espirito Santo. Nos dedicamos em fornecer a nossos clientes um servi\u00e7o cordial. N\u00f3s valorizamos seu neg\u00f3cio. Tornamos nossa miss\u00e3o o fornecimento de produtos e servi\u00e7os confi\u00e1veis em nossa abordagem voltada ao cliente. Nossa equipe cort\u00eas e profissional disp\u00f5e de uma variedade de servi\u00e7os para atender suas necessidades.<\/p><\/div>\n\t\t\t\t<\/div>\n\t\t\t\t<\/div>\n\t\t\t\t\t<\/div>\n\t\t<\/div>\n\t\t\t\t\t\t\t<\/div>\n\t\t<\/section>\n\t\t\t\t<div class=\"elementor-element elementor-element-e6c4c03 elementor-widget-divider--view-line elementor-widget elementor-widget-divider\" data-id=\"e6c4c03\" data-element_type=\"widget\" data-widget_type=\"divider.default\">\n\t\t\t\t<div class=\"elementor-widget-container\">\n\t\t\t\t\t<div class=\"elementor-divider\">\n\t\t\t<span class=\"elementor-divider-separator\">\n\t\t\t\t\t\t<\/span>\n\t\t<\/div>\n\t\t\t\t<\/div>\n\t\t\t\t<\/div>\n\t\t\t\t<section class=\"elementor-section elementor-inner-section elementor-element elementor-element-0464dbb elementor-section-boxed elementor-section-height-default elementor-section-height-default\" data-id=\"0464dbb\" data-element_type=\"section\">\n\t\t\t\t\t\t<div class=\"elementor-container elementor-column-gap-default\">\n\t\t\t\t\t<div class=\"elementor-column elementor-col-33 elementor-inner-column elementor-element elementor-element-89ed145\" data-id=\"89ed145\" data-element_type=\"column\">\n\t\t\t<div class=\"elementor-widget-wrap elementor-element-populated\">\n\t\t\t\t\t\t\t\t<div class=\"elementor-element elementor-element-445fc59 elementor-widget elementor-widget-heading\" data-id=\"445fc59\" data-element_type=\"widget\" data-widget_type=\"heading.default\">\n\t\t\t\t<div class=\"elementor-widget-container\">\n\t\t\t<h2 class=\"elementor-heading-title elementor-size-default\">Miss\u00e3o<\/h2>\t\t<\/div>\n\t\t\t\t<\/div>\n\t\t\t\t<div class=\"elementor-element elementor-element-268b2ac elementor-widget elementor-widget-text-editor\" data-id=\"268b2ac\" data-element_type=\"widget\" data-widget_type=\"text-editor.default\">\n\t\t\t\t<div class=\"elementor-widget-container\">\n\t\t\t\t\t<div class=\"elementor-text-editor elementor-clearfix\">Garantir a presta\u00e7\u00e3o de servi\u00e7os com qualidade, \u00e9tica e responsabilidade, atendendo aos requisitos compat\u00edveis com a satisfa\u00e7\u00e3o do cliente.<\/div>\n\t\t\t\t<\/div>\n\t\t\t\t<\/div>\n\t\t\t\t\t<\/div>\n\t\t<\/div>\n\t\t\t\t<div class=\"elementor-column elementor-col-33 elementor-inner-column elementor-element elementor-element-eca6422\" data-id=\"eca6422\" data-element_type=\"column\">\n\t\t\t<div class=\"elementor-widget-wrap elementor-element-populated\">\n\t\t\t\t\t\t\t\t<div class=\"elementor-element elementor-element-ad5ae11 elementor-widget elementor-widget-heading\" data-id=\"ad5ae11\" data-element_type=\"widget\" data-widget_type=\"heading.default\">\n\t\t\t\t<div class=\"elementor-widget-container\">\n\t\t\t<h2 class=\"elementor-heading-title elementor-size-default\">Vis\u00e3o<\/h2>\t\t<\/div>\n\t\t\t\t<\/div>\n\t\t\t\t<div class=\"elementor-element elementor-element-ed660c0 elementor-widget elementor-widget-text-editor\" data-id=\"ed660c0\" data-element_type=\"widget\" data-widget_type=\"text-editor.default\">\n\t\t\t\t<div class=\"elementor-widget-container\">\n\t\t\t\t\t<div class=\"elementor-text-editor elementor-clearfix\"><p>Alcan\u00e7ar a excel\u00eancia na presta\u00e7\u00e3o de servi\u00e7os.<\/p><\/div>\n\t\t\t\t<\/div>\n\t\t\t\t<\/div>\n\t\t\t\t\t<\/div>\n\t\t<\/div>\n\t\t\t\t<div class=\"elementor-column elementor-col-33 elementor-inner-column elementor-element elementor-element-bc08499\" data-id=\"bc08499\" data-element_type=\"column\">\n\t\t\t<div class=\"elementor-widget-wrap elementor-element-populated\">\n\t\t\t\t\t\t\t\t<div class=\"elementor-element elementor-element-33b601a elementor-widget elementor-widget-heading\" data-id=\"33b601a\" data-element_type=\"widget\" data-widget_type=\"heading.default\">\n\t\t\t\t<div class=\"elementor-widget-container\">\n\t\t\t<h2 class=\"elementor-heading-title elementor-size-default\">Valores<\/h2>\t\t<\/div>\n\t\t\t\t<\/div>\n\t\t\t\t<div class=\"elementor-element elementor-element-8bfbda6 elementor-widget elementor-widget-text-editor\" data-id=\"8bfbda6\" data-element_type=\"widget\" data-widget_type=\"text-editor.default\">\n\t\t\t\t<div class=\"elementor-widget-container\">\n\t\t\t\t\t<div class=\"elementor-text-editor elementor-clearfix\">Refletir credibilidade e confian\u00e7a no atendimento; Ter \u00e9tica e praticar a\u00e7\u00f5es claras e justas; Buscar solu\u00e7\u00f5es criativas, inovadas e vi\u00e1veis nas nossas a\u00e7\u00f5es; Ter comprometimento com nossos clientes; Ser respons\u00e1vel nas atitudes;<\/div>\n\t\t\t\t<\/div>\n\t\t\t\t<\/div>\n\t\t\t\t\t<\/div>\n\t\t<\/div>\n\t\t\t\t\t\t\t<\/div>\n\t\t<\/section>\n\t\t\t\t\t<\/div>\n\t\t<\/div>\n\t\t\t\t\t\t\t<\/div>\n\t\t<\/section>\n\t\t\t\t\t\t<\/div>\n\t\t\t\t\t<\/div>\n\t\t","protected":false},"excerpt":{"rendered":"<p>A Empresa A SELEG Fundada em 2011, a SELEG SERVI\u00c7OS\u00a0 \u00e9 uma empresa 100% capixaba dedicada \u00e1 presta\u00e7\u00e3o de servi\u00e7os:\u00a0Com equipe preparada atuamos em diversos seguimentos, sendo: SERVI\u00c7OS EL\u00c9TRICOS, CLIMATIZA\u00c7\u00c3O, FAC\u00cdLITIES E SEGURAN\u00c7A PRIVADA. A SELEG \u00e9 comprometida em levar a seus clientes servi\u00e7os de alt\u00edssima qualidade, focada na necessidade de cada cliente. Acreditamos que &hellip;<\/p>\n<p class=\"read-more\"> <a class=\"\" href=\"https:\/\/seleg.com.br\/home\/?page_id=158\"> <span class=\"screen-reader-text\">EMPRESA<\/span> Leia mais &raquo;<\/a><\/p>\n","protected":false},"author":1,"featured_media":0,"parent":0,"menu_order":0,"comment_status":"closed","ping_status":"closed","template":"","meta":[],"_links":{"self":[{"href":"https:\/\/seleg.com.br\/home\/index.php?rest_route=\/wp\/v2\/pages\/158"}],"collection":[{"href":"https:\/\/seleg.com.br\/home\/index.php?rest_route=\/wp\/v2\/pages"}],"about":[{"href":"https:\/\/seleg.com.br\/home\/index.php?rest_route=\/wp\/v2\/types\/page"}],"author":[{"embeddable":true,"href":"https:\/\/seleg.com.br\/home\/index.php?rest_route=\/wp\/v2\/users\/1"}],"replies":[{"embeddable":true,"href":"https:\/\/seleg.com.br\/home\/index.php?rest_route=%2Fwp%2Fv2%2Fcomments&post=158"}],"version-history":[{"count":19,"href":"https:\/\/seleg.com.br\/home\/index.php?rest_route=\/wp\/v2\/pages\/158\/revisions"}],"predecessor-version":[{"id":25154,"href":"https:\/\/seleg.com.br\/home\/index.php?rest_route=\/wp\/v2\/pages\/158\/revisions\/25154"}],"wp:attachment":[{"href":"https:\/\/seleg.com.br\/home\/index.php?rest_route=%2Fwp%2Fv2%2Fmedia&parent=158"}],"curies":[{"name":"wp","href":"https:\/\/api.w.org\/{rel}","templated":true}]}}